{"id":1370,"date":"2019-08-26T17:45:58","date_gmt":"2019-08-26T15:45:58","guid":{"rendered":"http:\/\/nparo.fr\/?page_id=1370"},"modified":"2024-01-29T17:05:40","modified_gmt":"2024-01-29T16:05:40","slug":"page-daccueil-sept2019","status":"publish","type":"page","link":"https:\/\/nparo.fr\/","title":{"rendered":""},"content":{"rendered":"\n<div class=\"wp-block-columns is-layout-flex wp-container-core-columns-is-layout-1 wp-block-columns-is-layout-flex\">\n<div class=\"wp-block-column is-layout-flow wp-block-column-is-layout-flow\" style=\"flex-basis:25%\"><div class=\"wp-block-image\">\n<figure class=\"aligncenter size-full\"><a href=\"http:\/\/nparo.fr\/?p=5958\" target=\"_blank\" rel=\"noreferrer noopener\"><img loading=\"lazy\" decoding=\"async\" width=\"1009\" height=\"656\" src=\"http:\/\/nparo.fr\/wp-content\/uploads\/2024\/01\/ACCUEIL-mycophonia.png\" alt=\"\" class=\"wp-image-5996\" style=\"aspect-ratio:16\/9;object-fit:cover\" srcset=\"https:\/\/nparo.fr\/wp-content\/uploads\/2024\/01\/ACCUEIL-mycophonia.png 1009w, https:\/\/nparo.fr\/wp-content\/uploads\/2024\/01\/ACCUEIL-mycophonia-300x195.png 300w, https:\/\/nparo.fr\/wp-content\/uploads\/2024\/01\/ACCUEIL-mycophonia-768x499.png 768w, https:\/\/nparo.fr\/wp-content\/uploads\/2024\/01\/ACCUEIL-mycophonia-350x228.png 350w\" sizes=\"(max-width: 1009px) 100vw, 1009px\" \/><\/a><\/figure><\/div><\/div>\n\n\n\n<div class=\"wp-block-column is-layout-flow wp-block-column-is-layout-flow\" style=\"flex-basis:50%\"><div class=\"wp-block-image\">\n<figure class=\"aligncenter size-full\"><a href=\"http:\/\/nparo.fr\/?p=5958\" target=\"_blank\" rel=\"noreferrer noopener\"><img loading=\"lazy\" decoding=\"async\" width=\"1009\" height=\"656\" src=\"http:\/\/nparo.fr\/wp-content\/uploads\/2024\/01\/ACCUEIL-mycophonia.png\" alt=\"\" class=\"wp-image-5996\" style=\"aspect-ratio:16\/9;object-fit:cover\" srcset=\"https:\/\/nparo.fr\/wp-content\/uploads\/2024\/01\/ACCUEIL-mycophonia.png 1009w, https:\/\/nparo.fr\/wp-content\/uploads\/2024\/01\/ACCUEIL-mycophonia-300x195.png 300w, https:\/\/nparo.fr\/wp-content\/uploads\/2024\/01\/ACCUEIL-mycophonia-768x499.png 768w, https:\/\/nparo.fr\/wp-content\/uploads\/2024\/01\/ACCUEIL-mycophonia-350x228.png 350w\" sizes=\"(max-width: 1009px) 100vw, 1009px\" \/><\/a><\/figure><\/div><\/div>\n\n\n\n<div class=\"wp-block-column is-layout-flow wp-block-column-is-layout-flow\" style=\"flex-basis:25%\"><div class=\"wp-block-image\">\n<figure class=\"aligncenter size-full\"><a href=\"http:\/\/nparo.fr\/?p=5958\" target=\"_blank\" rel=\"noreferrer noopener\"><img loading=\"lazy\" decoding=\"async\" width=\"1009\" height=\"656\" src=\"http:\/\/nparo.fr\/wp-content\/uploads\/2024\/01\/ACCUEIL-mycophonia.png\" alt=\"\" class=\"wp-image-5996\" style=\"aspect-ratio:16\/9;object-fit:cover\" srcset=\"https:\/\/nparo.fr\/wp-content\/uploads\/2024\/01\/ACCUEIL-mycophonia.png 1009w, https:\/\/nparo.fr\/wp-content\/uploads\/2024\/01\/ACCUEIL-mycophonia-300x195.png 300w, https:\/\/nparo.fr\/wp-content\/uploads\/2024\/01\/ACCUEIL-mycophonia-768x499.png 768w, https:\/\/nparo.fr\/wp-content\/uploads\/2024\/01\/ACCUEIL-mycophonia-350x228.png 350w\" sizes=\"(max-width: 1009px) 100vw, 1009px\" \/><\/a><\/figure><\/div><\/div>\n<\/div>\n\n\n\n<div style=\"height:100px\" aria-hidden=\"true\" class=\"wp-block-spacer\"><\/div>\n\n\n\n<div class=\"wp-block-columns is-layout-flex wp-container-core-columns-is-layout-2 wp-block-columns-is-layout-flex\">\n<div class=\"wp-block-column is-layout-flow wp-block-column-is-layout-flow\">\n<div class=\"wp-block-media-text is-stacked-on-mobile\"><figure class=\"wp-block-media-text__media\"><img loading=\"lazy\" decoding=\"async\" width=\"300\" height=\"212\" src=\"http:\/\/nparo.fr\/wp-content\/uploads\/2023\/10\/LogoForetGourmandeDiconne-2048x1448-1-300x212.png\" alt=\"\" class=\"wp-image-5838 size-medium\" srcset=\"https:\/\/nparo.fr\/wp-content\/uploads\/2023\/10\/LogoForetGourmandeDiconne-2048x1448-1-300x212.png 300w, https:\/\/nparo.fr\/wp-content\/uploads\/2023\/10\/LogoForetGourmandeDiconne-2048x1448-1-1030x728.png 1030w, https:\/\/nparo.fr\/wp-content\/uploads\/2023\/10\/LogoForetGourmandeDiconne-2048x1448-1-768x543.png 768w, https:\/\/nparo.fr\/wp-content\/uploads\/2023\/10\/LogoForetGourmandeDiconne-2048x1448-1-1536x1086.png 1536w, https:\/\/nparo.fr\/wp-content\/uploads\/2023\/10\/LogoForetGourmandeDiconne-2048x1448-1-350x247.png 350w, https:\/\/nparo.fr\/wp-content\/uploads\/2023\/10\/LogoForetGourmandeDiconne-2048x1448-1.png 2048w\" sizes=\"(max-width: 300px) 100vw, 300px\" \/><\/figure><div class=\"wp-block-media-text__content\">\n<h2 class=\"wp-block-heading\">D\u00e9couvrez le projet de la For\u00eat Gourmande,<\/h2>\n\n\n\n<p class=\"has-text-align-center has-cyan-bluish-gray-color has-text-color has-medium-font-size\">|||<a rel=\"noreferrer noopener\" href=\"http:\/\/nparo.fr\/DATAS\/DEV-DURABLE\/Carnet-de-Campagne-23092023-LaForetGourmande-FDejours.mp3\" data-type=\"link\" data-id=\"http:\/\/nparo.fr\/DATAS\/DEV-DURABLE\/Carnet-de-Campagne-23092023-LaForetGourmande-FDejours.mp3\" target=\"_blank\">en cliquant sur ce lien<\/a>|||      <\/p>\n\n\n\n<p>Carnet de campagnes, France Inter, Vendredi 22 sept.2023 : \u00ab\u00a0La For\u00eat Gourmande, F. Desjours\u00a0\u00bb (12 min)<\/p>\n\n\n\n<div style=\"height:33px\" aria-hidden=\"true\" class=\"wp-block-spacer\"><\/div>\n<\/div><\/div>\n<\/div>\n\n\n\n<div class=\"wp-block-column is-layout-flow wp-block-column-is-layout-flow\"><\/div>\n\n\n\n<div class=\"wp-block-column is-layout-flow wp-block-column-is-layout-flow\">\n<h1 class=\"wp-block-heading has-text-align-center\">&gt; FAITES DU SON !!! &gt;&gt;&gt;<a rel=\"noreferrer noopener\" href=\"https:\/\/www.labophonique.com\/jouer\" target=\"_blank\"> https:\/\/www.labophonique.com\/jouer<\/a> &lt;&lt;&lt;&lt;<\/h1>\n<\/div>\n<\/div>\n\n\n\n<p><\/p>\n\n\n\n<div style=\"height:200px\" aria-hidden=\"true\" class=\"wp-block-spacer\"><\/div>\n\n\n\n<figure class=\"wp-block-image size-large\"><a href=\"https:\/\/dessinezcreezliberte.com\/\" target=\"_blank\" rel=\"noreferrer noopener\"><img loading=\"lazy\" decoding=\"async\" width=\"1030\" height=\"725\" src=\"http:\/\/nparo.fr\/wp-content\/uploads\/2023\/09\/DESSIN-de-PRESSE-1030x725.png\" alt=\"\" class=\"wp-image-5787\" srcset=\"https:\/\/nparo.fr\/wp-content\/uploads\/2023\/09\/DESSIN-de-PRESSE-1030x725.png 1030w, https:\/\/nparo.fr\/wp-content\/uploads\/2023\/09\/DESSIN-de-PRESSE-300x211.png 300w, https:\/\/nparo.fr\/wp-content\/uploads\/2023\/09\/DESSIN-de-PRESSE-768x540.png 768w, https:\/\/nparo.fr\/wp-content\/uploads\/2023\/09\/DESSIN-de-PRESSE-350x246.png 350w, https:\/\/nparo.fr\/wp-content\/uploads\/2023\/09\/DESSIN-de-PRESSE.png 1272w\" sizes=\"(max-width: 1030px) 100vw, 1030px\" \/><\/a><\/figure>\n\n\n\n<div style=\"height:200px\" aria-hidden=\"true\" class=\"wp-block-spacer\"><\/div>\n\n\n\n<h1 class=\"wp-block-heading\">\u00ab\u00a0L&rsquo;\u00e9ducation populaire ils n&rsquo;en ont pas voulu, monsieur&#8230;\u00a0\u00bb<\/h1>\n\n\n\n<p class=\"has-medium-font-size\">Retrouvez-ici une interview qui recontextualise le parcours de Franck Lepage et la naissance des \u00ab\u00a0conf\u00e9rences gesticul\u00e9es\u00a0\u00bb mais rapidement regardez la vid\u00e9o de droite \u00ab\u00a0<strong>Inculture(s<\/strong>)\u00a0\u00bb pour d\u00e9couvrir que : <\/p>\n\n\n\n<h2 class=\"wp-block-heading\"> \u00ab\u00a0le rire est une arme de r\u00e9flexion ?, de transgression ?, de politisation ?, de s\u00e9duction ? de d\u00e9nonciation massive.\u00a0\u00bb<\/h2>\n\n\n\n<div style=\"height:77px\" aria-hidden=\"true\" class=\"wp-block-spacer\"><\/div>\n\n\n\n<div class=\"wp-block-columns is-layout-flex wp-container-core-columns-is-layout-3 wp-block-columns-is-layout-flex\">\n<div class=\"wp-block-column is-layout-flow wp-block-column-is-layout-flow\">\n<figure class=\"wp-block-embed is-type-video is-provider-youtube wp-block-embed-youtube wp-embed-aspect-16-9 wp-has-aspect-ratio\"><div class=\"wp-block-embed__wrapper\">\n<iframe loading=\"lazy\" title=\"Entretien avec Franck Lepage : les conf\u00e9rences gesticul\u00e9es\" width=\"760\" height=\"428\" src=\"https:\/\/www.youtube.com\/embed\/dDPV3-huE6M?feature=oembed\" frameborder=\"0\" allow=\"accelerometer; autoplay; clipboard-write; encrypted-media; gyroscope; picture-in-picture; web-share\" allowfullscreen><\/iframe>\n<\/div><figcaption class=\"wp-element-caption\">Entretien avec Franck Lepage : les conf\u00e9rences gesticul\u00e9es<\/figcaption><\/figure>\n<\/div>\n\n\n\n<div class=\"wp-block-column is-layout-flow wp-block-column-is-layout-flow\">\n<figure class=\"wp-block-embed is-type-video is-provider-youtube wp-block-embed-youtube wp-embed-aspect-16-9 wp-has-aspect-ratio\"><div class=\"wp-block-embed__wrapper\">\n<iframe loading=\"lazy\" title=\"Franck Lepage - inculture 1\" width=\"760\" height=\"428\" src=\"https:\/\/www.youtube.com\/embed\/joq8_E3LDMc?feature=oembed\" frameborder=\"0\" allow=\"accelerometer; autoplay; clipboard-write; encrypted-media; gyroscope; picture-in-picture; web-share\" allowfullscreen><\/iframe>\n<\/div><figcaption class=\"wp-element-caption\"><strong>Inculture(s)<\/strong><\/figcaption><\/figure>\n\n\n\n<h2 class=\"wp-block-heading\">Petits contes politiques et autres r\u00e9cits non autoris\u00e9s&#8230;<\/h2>\n<\/div>\n<\/div>\n\n\n\n<div style=\"height:100px\" aria-hidden=\"true\" class=\"wp-block-spacer\"><\/div>\n\n\n\n<div style=\"height:50px\" aria-hidden=\"true\" class=\"wp-block-spacer\"><\/div>\n\n\n\n<div style=\"height:300px\" aria-hidden=\"true\" class=\"wp-block-spacer\"><\/div>\n","protected":false},"excerpt":{"rendered":"<p>D\u00e9couvrez le projet de la For\u00eat Gourmande, |||en cliquant sur ce lien||| Carnet de campagnes, France Inter, Vendredi 22 sept.2023 : \u00ab\u00a0La For\u00eat Gourmande, F. Desjours\u00a0\u00bb (12 min) &gt; FAITES DU SON !!! &gt;&gt;&gt; https:\/\/www.labophonique.com\/jouer &lt;&lt;&lt;&lt; \u00ab\u00a0L&rsquo;\u00e9ducation populaire ils n&rsquo;en ont pas voulu, monsieur&#8230;\u00a0\u00bb Retrouvez-ici une interview qui recontextualise le parcours de Franck Lepage et [&hellip;]<\/p>\n","protected":false},"author":2,"featured_media":0,"parent":0,"menu_order":0,"comment_status":"closed","ping_status":"closed","template":"","meta":{"footnotes":""},"_links":{"self":[{"href":"https:\/\/nparo.fr\/index.php?rest_route=\/wp\/v2\/pages\/1370"}],"collection":[{"href":"https:\/\/nparo.fr\/index.php?rest_route=\/wp\/v2\/pages"}],"about":[{"href":"https:\/\/nparo.fr\/index.php?rest_route=\/wp\/v2\/types\/page"}],"author":[{"embeddable":true,"href":"https:\/\/nparo.fr\/index.php?rest_route=\/wp\/v2\/users\/2"}],"replies":[{"embeddable":true,"href":"https:\/\/nparo.fr\/index.php?rest_route=%2Fwp%2Fv2%2Fcomments&post=1370"}],"version-history":[{"count":177,"href":"https:\/\/nparo.fr\/index.php?rest_route=\/wp\/v2\/pages\/1370\/revisions"}],"predecessor-version":[{"id":6008,"href":"https:\/\/nparo.fr\/index.php?rest_route=\/wp\/v2\/pages\/1370\/revisions\/6008"}],"wp:attachment":[{"href":"https:\/\/nparo.fr\/index.php?rest_route=%2Fwp%2Fv2%2Fmedia&parent=1370"}],"curies":[{"name":"wp","href":"https:\/\/api.w.org\/{rel}","templated":true}]}}